{"id":413,"date":"2025-10-29T08:47:42","date_gmt":"2025-10-29T07:47:42","guid":{"rendered":"https:\/\/wp.morph1975.selfhost.eu\/?page_id=413"},"modified":"2025-10-29T08:52:15","modified_gmt":"2025-10-29T07:52:15","slug":"buesum-tips","status":"publish","type":"page","link":"https:\/\/wp.morph1975.selfhost.eu\/index.php\/buesum-tips\/","title":{"rendered":"B\u00dcSUM &#8211; Tips"},"content":{"rendered":"\n<p>Da wir ja schon die eine oder andere Reise nach B\u00fcsum vorgenommen haben, m\u00f6chte wir hier ein paar Tips f\u00fcr<\/p>\n\n\n\n<ul class=\"wp-block-list\">\n<li>Restaurants<\/li>\n\n\n\n<li>Einkaufsm\u00f6glichkeiten<\/li>\n\n\n\n<li>Aktivit\u00e4ten<\/li>\n\n\n\n<li>Unterk\u00fcnfte<\/li>\n<\/ul>\n\n\n\n<p>dokumentieren. <\/p>\n\n\n\n<p>Vorschl\u00e4ge von euch sind jederzeit herzlich willkommen!!<\/p>\n","protected":false},"excerpt":{"rendered":"<p>Da wir ja schon die eine oder andere Reise nach B\u00fcsum vorgenommen haben, m\u00f6chte wir hier ein paar Tips f\u00fcr<\/p>\n<p><a href=\"https:\/\/wp.morph1975.selfhost.eu\/index.php\/buesum-tips\/\" class=\"more-link\">erfahre mehr&#8230;<span class=\"screen-reader-text\">B\u00dcSUM &#8211; Tips<\/span><\/a><\/p>\n","protected":false},"author":1,"featured_media":0,"parent":0,"menu_order":0,"comment_status":"open","ping_status":"closed","template":"","meta":{"ngg_post_thumbnail":0,"footnotes":""},"class_list":["post-413","page","type-page","status-publish","hentry"],"_links":{"self":[{"href":"https:\/\/wp.morph1975.selfhost.eu\/index.php\/wp-json\/wp\/v2\/pages\/413","targetHints":{"allow":["GET"]}}],"collection":[{"href":"https:\/\/wp.morph1975.selfhost.eu\/index.php\/wp-json\/wp\/v2\/pages"}],"about":[{"href":"https:\/\/wp.morph1975.selfhost.eu\/index.php\/wp-json\/wp\/v2\/types\/page"}],"author":[{"embeddable":true,"href":"https:\/\/wp.morph1975.selfhost.eu\/index.php\/wp-json\/wp\/v2\/users\/1"}],"replies":[{"embeddable":true,"href":"https:\/\/wp.morph1975.selfhost.eu\/index.php\/wp-json\/wp\/v2\/comments?post=413"}],"version-history":[{"count":3,"href":"https:\/\/wp.morph1975.selfhost.eu\/index.php\/wp-json\/wp\/v2\/pages\/413\/revisions"}],"predecessor-version":[{"id":445,"href":"https:\/\/wp.morph1975.selfhost.eu\/index.php\/wp-json\/wp\/v2\/pages\/413\/revisions\/445"}],"wp:attachment":[{"href":"https:\/\/wp.morph1975.selfhost.eu\/index.php\/wp-json\/wp\/v2\/media?parent=413"}],"curies":[{"name":"wp","href":"https:\/\/api.w.org\/{rel}","templated":true}]}}